{"id":26,"date":"2016-02-12T08:13:33","date_gmt":"2016-02-12T08:13:33","guid":{"rendered":"http:\/\/demos.famethemes.com\/onepress\/?page_id=26"},"modified":"2023-12-01T20:04:32","modified_gmt":"2023-12-01T19:04:32","slug":"service-title-4","status":"publish","type":"page","link":"https:\/\/feuerwehrkran.de\/index.php\/service-title-4\/","title":{"rendered":"Lehrunterlagen"},"content":{"rendered":"\n<p>Die Basis einer erfolgreichen Ausbildung bildet das Seminarhandbuch f\u00fcr die Teilnehmer. Viele Ausbilder und Multiplikatoren der Feuerwehren wissen um den enormen Aufwand, rechtssichere und vollumf\u00e4ngliche Lehrunterlagen zu erstellen. Die im Handel erh\u00e4ltlichen Alternativen funktionieren nur bedingt, da sie universell ausgelegt sind und so meist nur Teile davon f\u00fcr eine Ausbildung verwendet werden k\u00f6nnen.<\/p>\n\n\n\n<p>Wir schlie\u00dfen diese L\u00fccke, indem wir zielgerichtete Dokumente f\u00fcr ihre Feuerwehr fertigen. Diese umfangreichen Lehrb\u00fccher sind speziell auf ihr Fahrzeug abgestimmte Seminarunterlagen, welche von uns individuell angefertigt werden. Durch klar strukturierte Inhalte, leicht verst\u00e4ndliche Erkl\u00e4rungen, hilfreiche Tabellen und zahlreiche Abbildungen unterst\u00fctzen sie die Schulung sowohl in Theorie als auch in Praxis.<\/p>\n\n\n\n<div class=\"wp-block-group has-white-color has-vivid-cyan-blue-background-color has-text-color has-background has-link-color wp-elements-079bfa084a35f42785726a3c5e5c6b55\"><div class=\"wp-block-group__inner-container is-layout-constrained wp-block-group-is-layout-constrained\">\n<p>Ihre Vorteile bei einer Dokumentenerstellung durch uns sind Lehrunterlagen, die rechtssicher und auf Basis der aktuellen Regelwerke angefertigt wurden. \u00dcberdies entf\u00e4llt der gro\u00dfe Zeitaufwand, der bei einer Eigenerstellung von Seminarunterlagen durch ihre internen Ausbilder\/Multiplikatoren entstehen w\u00fcrde.<\/p>\n\n\n\n<div class=\"wp-block-buttons is-content-justification-center is-layout-flex wp-container-core-buttons-is-layout-16018d1d wp-block-buttons-is-layout-flex\">\n<div class=\"wp-block-button has-custom-width wp-block-button__width-50 is-style-outline is-style-outline--1\"><a class=\"wp-block-button__link has-text-align-center wp-element-button\" style=\"border-radius:0px\">Angebot anfordern<\/a><\/div>\n<\/div>\n<\/div><\/div>\n","protected":false},"excerpt":{"rendered":"<p>Wir fertigen f\u00fcr Sie individuelle Lehrunterlagen, rechtskonform und passgenau auf ihr jeweiliges Fahrzeug zugeschnitten.<\/p>\n","protected":false},"author":1,"featured_media":0,"parent":0,"menu_order":0,"comment_status":"closed","ping_status":"closed","template":"template-fullwidth.php","meta":{"footnotes":""},"class_list":["post-26","page","type-page","status-publish","hentry"],"_links":{"self":[{"href":"https:\/\/feuerwehrkran.de\/index.php\/wp-json\/wp\/v2\/pages\/26","targetHints":{"allow":["GET"]}}],"collection":[{"href":"https:\/\/feuerwehrkran.de\/index.php\/wp-json\/wp\/v2\/pages"}],"about":[{"href":"https:\/\/feuerwehrkran.de\/index.php\/wp-json\/wp\/v2\/types\/page"}],"author":[{"embeddable":true,"href":"https:\/\/feuerwehrkran.de\/index.php\/wp-json\/wp\/v2\/users\/1"}],"replies":[{"embeddable":true,"href":"https:\/\/feuerwehrkran.de\/index.php\/wp-json\/wp\/v2\/comments?post=26"}],"version-history":[{"count":9,"href":"https:\/\/feuerwehrkran.de\/index.php\/wp-json\/wp\/v2\/pages\/26\/revisions"}],"predecessor-version":[{"id":1850,"href":"https:\/\/feuerwehrkran.de\/index.php\/wp-json\/wp\/v2\/pages\/26\/revisions\/1850"}],"wp:attachment":[{"href":"https:\/\/feuerwehrkran.de\/index.php\/wp-json\/wp\/v2\/media?parent=26"}],"curies":[{"name":"wp","href":"https:\/\/api.w.org\/{rel}","templated":true}]}}