{"id":23,"date":"2023-11-23T18:41:49","date_gmt":"2023-11-23T17:41:49","guid":{"rendered":"http:\/\/demos.famethemes.com\/onepress\/?page_id=23"},"modified":"2024-12-25T10:24:10","modified_gmt":"2024-12-25T09:24:10","slug":"feuerwehrkrane","status":"publish","type":"page","link":"https:\/\/feuerwehrkran.de\/index.php\/feuerwehrkrane\/","title":{"rendered":"Feuerwehrkrane"},"content":{"rendered":"\n<figure class=\"wp-block-image size-full\"><img loading=\"lazy\" decoding=\"async\" width=\"1920\" height=\"420\" src=\"https:\/\/feuerwehrkran.de\/wp-content\/uploads\/2024\/12\/fwk.jpg\" alt=\"\" class=\"wp-image-2056\"\/><\/figure>\n\n\n\n<div class=\"wp-block-group\"><div class=\"wp-block-group__inner-container is-layout-constrained wp-block-group-is-layout-constrained\">\n<p>F\u00fcr eine Feuerwehr bedeutet eine fun\u00addierte Ausbildung ihrer Kran\u00admaschinisten Rechtssi\u00adcherheit hin\u00adsichtlich des Arbeitsschutzgesetzes, der Be\u00adtriebssicherheitsverordnung, der Feuer\u00adwehr\u00addienstvorschriften und den Unfallverh\u00fc\u00adtungsvor\u00adschriften. <\/p>\n\n\n\n<p>Selbsterkl\u00e4rend ist die Bedienung von Kranen in der Regel nicht, im Laufe der Jahre wurde die Technik immer komplexer und der Aufgabenbereich ist stark gewachsen. Der Bedarf nach Ausbildung ist daher so gro\u00df wie noch nie zuvor, denn nur mit umfassender Kenntnis von Technik, Physik und Anwendung der eingesetzten Fahrzeuge, sowie deren zus\u00e4tzlichem Equipment, k\u00f6nnen kritische Eins\u00e4tze erfolgreich durchgef\u00fchrt werden.<\/p>\n\n\n\n<p>Ausgehend von der jeweiligen Erfahrung ihrer Maschinisten halten wir drei Module zur Ausbildung von Kranmaschinisten FwK f\u00fcr Sie bereit, welche allesamt bei erfolgreichem Abschluss den offiziellen Kranf\u00fchrerschein beinhalten. In jedem Modul inkludiert ist au\u00dferdem auch die Ausbildung zum Anschl\u00e4ger, welche durch die Regelwerke eingefordert wird.<\/p>\n\n\n\n<p>Auch bei bereits vorhandenem Bef\u00e4higungsnachweis von Kranmaschinisten empfiehlt sich bei einem Modellwechsel eines Feuerwehrkrans eine zus\u00e4tzliche Unterweisung mit mindestens einer Woche Lehrgangsdauer (Seminar M1). Hierbei kann das vorhandene Fachwissen aktualisiert werden und die ger\u00e4tespezifische Einweisung erfolgen.<\/p>\n<\/div><\/div>\n\n\n\n<div style=\"height:20px\" aria-hidden=\"true\" class=\"wp-block-spacer\"><\/div>\n\n\n\n<div class=\"wp-block-group has-white-color has-vivid-cyan-blue-background-color has-text-color has-background has-link-color wp-elements-ff2275344ea3b6d960b00fd4612c4c00\"><div class=\"wp-block-group__inner-container is-layout-constrained wp-block-group-is-layout-constrained\">\n<h3 class=\"wp-block-heading has-white-color has-text-color has-link-color wp-elements-ab79a2a78d85135fd151736f2e849bff\">Maschinist FwK<\/h3>\n\n\n\n<p><strong>Seminar&nbsp;M1<\/strong>,&nbsp;der 1-w\u00f6chige Lehrgang f\u00fcr steuertechnisch ge\u00fcbte Kranmaschinisten, denen von den jeweiligen Kranausbildern das Aufbau- und Basiswissen weitestgehend vermittelt wurde. Wir festigen das vorhandene Wissen und erg\u00e4nzen den Theorieteil um erweitertes Fachwissen. Praxisanteil rund 20 %.<\/p>\n\n\n\n<p><strong>Seminar&nbsp;M2<\/strong>,&nbsp;ein 2-w\u00f6chiger Lehrgang f\u00fcr steuertechnisch wenig erfahrene Kranmaschi\u00adnisten, denen von den jeweiligen Kranausbildern das Aufbauwissen weitestgehend vermittelt wurde. Wir festigen das vorhandene Wissen und erg\u00e4nzen den Theorieteil um Basis- und Fachwissen. Praxisanteil rund 40 %.<\/p>\n\n\n\n<p><strong>Seminar&nbsp;M3<\/strong>,&nbsp;der 3-w\u00f6chige Grundlehrgang f\u00fcr steuertechnisch unge\u00fcbte Kranmaschi\u00adnisten, denen weitestgehend auch das Aufbauwissen fehlt, ebenso auch f\u00fcr neue Kranmaschinisten. Wir unterrichten Aufbau-, Basis- und Fachwissen. Der Praxisanteil bei diesem Seminar betr\u00e4gt rund 50 %.<\/p>\n\n\n\n<div style=\"height:20px\" aria-hidden=\"true\" class=\"wp-block-spacer\"><\/div>\n\n\n\n<p class=\"has-medium-font-size\">Inhalt:<\/p>\n\n\n\n<ul class=\"wp-block-list\">\n<li>Gesetzliche Grundlagen<\/li>\n\n\n\n<li>Arbeitssicherheit<\/li>\n\n\n\n<li>Komponenten<\/li>\n\n\n\n<li>Kranphysik<\/li>\n\n\n\n<li>Traglasttabelle<\/li>\n\n\n\n<li>Inbetriebnahme<\/li>\n\n\n\n<li>Einsatzplanung<\/li>\n\n\n\n<li>Lastmomentbegrenzung<\/li>\n\n\n\n<li>Kransteuerung<\/li>\n\n\n\n<li>Kranbetrieb<\/li>\n\n\n\n<li>Sicherheitseinrichtungen<\/li>\n\n\n\n<li>Au\u00dfergew\u00f6hnliche Einsatzbedingungen<\/li>\n\n\n\n<li>Maschinelle Zugeinrichtung<\/li>\n\n\n\n<li>Hubseile<\/li>\n\n\n\n<li>Lastaufnahmeeinrichtungen<\/li>\n\n\n\n<li>Anschlagen von Lasten<\/li>\n\n\n\n<li>Kranpr\u00fcfungen<\/li>\n\n\n\n<li>Notbet\u00e4tigung<\/li>\n\n\n\n<li>Fahrbetrieb<\/li>\n\n\n\n<li>Umfangreiche Praxis<\/li>\n<\/ul>\n\n\n\n<div style=\"height:20px\" aria-hidden=\"true\" class=\"wp-block-spacer\"><\/div>\n\n\n\n<p class=\"has-medium-font-size\">Rechtlicher Hintergrund:<\/p>\n\n\n\n<ul class=\"wp-block-list\">\n<li>DGUV Vorschrift 52 und 54<\/li>\n\n\n\n<li>DGUV Grundsatz 309-003<\/li>\n\n\n\n<li>DGUV Regel 109-017<\/li>\n<\/ul>\n\n\n\n<div style=\"height:20px\" aria-hidden=\"true\" class=\"wp-block-spacer\"><\/div>\n\n\n\n<p class=\"has-medium-font-size\">Dauer:<\/p>\n\n\n\n<p>5-15 Tage, je nach gew\u00e4hlter Lehrgangsart.<\/p>\n\n\n\n<div style=\"height:20px\" aria-hidden=\"true\" class=\"wp-block-spacer\"><\/div>\n\n\n\n<p class=\"has-medium-font-size\">Zielgruppe:<\/p>\n\n\n\n<p>Als relevanter Teilnehmerkreis f\u00fcr das Seminar gelten angehende Kranmaschinisten, die zuk\u00fcnftig eigenverantwortlich Hilfeleistungseins\u00e4tze mit dem FwK durchf\u00fchren sollen.<\/p>\n\n\n\n<div style=\"height:20px\" aria-hidden=\"true\" class=\"wp-block-spacer\"><\/div>\n\n\n\n<p class=\"has-medium-font-size\">Teilnehmerzahl:<\/p>\n\n\n\n<p>4-8 Personen<\/p>\n\n\n\n<div style=\"height:20px\" aria-hidden=\"true\" class=\"wp-block-spacer\"><\/div>\n\n\n\n<p class=\"has-medium-font-size\">Ausbildungsform:<\/p>\n\n\n\n<p>Theoretische und praktische Ausbildung.<\/p>\n\n\n\n<div style=\"height:20px\" aria-hidden=\"true\" class=\"wp-block-spacer\"><\/div>\n\n\n\n<p class=\"has-medium-font-size\">Pr\u00fcfung:<\/p>\n\n\n\n<p>Abgeschlossen wird der Lehrgang mit einer theoretischen und praktischen Pr\u00fcfung.<\/p>\n\n\n\n<div style=\"height:20px\" aria-hidden=\"true\" class=\"wp-block-spacer\"><\/div>\n\n\n\n<p class=\"has-medium-font-size\">Abschluss:<\/p>\n\n\n\n<p>Nach erfolgreich abgeschlossener Pr\u00fcfung erhalten die Teilnehmer den Bef\u00e4higungsnachweis in Form einer Fahrerkarte und ein Zertifikat.<\/p>\n\n\n\n<div style=\"height:20px\" aria-hidden=\"true\" class=\"wp-block-spacer\"><\/div>\n\n\n\n<div class=\"wp-block-buttons is-content-justification-center is-layout-flex wp-container-core-buttons-is-layout-16018d1d wp-block-buttons-is-layout-flex\">\n<div class=\"wp-block-button has-custom-width wp-block-button__width-50 is-style-outline is-style-outline--1\"><a class=\"wp-block-button__link wp-element-button\" href=\"https:\/\/feuerwehrkran.de\/index.php\/maschinist-fwk\/\" style=\"border-radius:0px\" target=\"_blank\" rel=\"noreferrer noopener\">Angebot anfordern<\/a><\/div>\n<\/div>\n<\/div><\/div>\n\n\n\n<pre class=\"wp-block-preformatted\">Bitte Beachten: Den Lehrgang \"Kranmaschinist FwK\" bieten wir ausschlie\u00dflich in der Inhouse-Variante an. D. h., zu ihrem Wunschtermin findet die gew\u00e4hlte Ausbildung bei Ihnen vor Ort statt. Gerne erstellen wir Ihnen ein unverbindliches Angebot, welches passgenau auf die Bed\u00fcrfnisse ihrer Feuerwehr zugeschnitten ist.<\/pre>\n\n\n\n<p><\/p>\n","protected":false},"excerpt":{"rendered":"<p>Wir vermitteln in unseren nachhaltigen Seminaren f\u00fcr Kranmaschinisten umfassendes Wissen \u00fcber Bedienung und Anwendung des FwK.<\/p>\n","protected":false},"author":1,"featured_media":0,"parent":0,"menu_order":0,"comment_status":"closed","ping_status":"closed","template":"template-fullwidth.php","meta":{"footnotes":""},"class_list":["post-23","page","type-page","status-publish","hentry"],"_links":{"self":[{"href":"https:\/\/feuerwehrkran.de\/index.php\/wp-json\/wp\/v2\/pages\/23","targetHints":{"allow":["GET"]}}],"collection":[{"href":"https:\/\/feuerwehrkran.de\/index.php\/wp-json\/wp\/v2\/pages"}],"about":[{"href":"https:\/\/feuerwehrkran.de\/index.php\/wp-json\/wp\/v2\/types\/page"}],"author":[{"embeddable":true,"href":"https:\/\/feuerwehrkran.de\/index.php\/wp-json\/wp\/v2\/users\/1"}],"replies":[{"embeddable":true,"href":"https:\/\/feuerwehrkran.de\/index.php\/wp-json\/wp\/v2\/comments?post=23"}],"version-history":[{"count":66,"href":"https:\/\/feuerwehrkran.de\/index.php\/wp-json\/wp\/v2\/pages\/23\/revisions"}],"predecessor-version":[{"id":2135,"href":"https:\/\/feuerwehrkran.de\/index.php\/wp-json\/wp\/v2\/pages\/23\/revisions\/2135"}],"wp:attachment":[{"href":"https:\/\/feuerwehrkran.de\/index.php\/wp-json\/wp\/v2\/media?parent=23"}],"curies":[{"name":"wp","href":"https:\/\/api.w.org\/{rel}","templated":true}]}}