{"id":2181,"date":"2024-12-29T18:41:31","date_gmt":"2024-12-29T17:41:31","guid":{"rendered":"https:\/\/feuerwehrkran.de\/?page_id=2181"},"modified":"2024-12-29T18:47:17","modified_gmt":"2024-12-29T17:47:17","slug":"jaehrliche-unterweisung-uvv","status":"publish","type":"page","link":"https:\/\/feuerwehrkran.de\/index.php\/jaehrliche-unterweisung-uvv\/","title":{"rendered":"J\u00e4hrliche Unterweisung (UVV)"},"content":{"rendered":"\n<div class=\"wp-block-columns is-layout-flex wp-container-core-columns-is-layout-9d6595d7 wp-block-columns-is-layout-flex\">\n<div class=\"wp-block-column is-layout-flow wp-block-column-is-layout-flow\" style=\"flex-basis:25%\"><\/div>\n\n\n\n<div class=\"wp-block-column is-layout-flow wp-block-column-is-layout-flow\" style=\"flex-basis:50%\"><div class=\"wpforms-container wpforms-container-full wpforms-render-modern\" id=\"wpforms-1989\"><form id=\"wpforms-form-1989\" class=\"wpforms-validate wpforms-form wpforms-ajax-form\" data-formid=\"1989\" method=\"post\" enctype=\"multipart\/form-data\" action=\"\/index.php\/wp-json\/wp\/v2\/pages\/2181\" data-token=\"8a2215cc3ca5e59a46fd4e738d2abd34\" data-token-time=\"1775573996\"><noscript class=\"wpforms-error-noscript\">Bitte aktiviere JavaScript in deinem Browser, um dieses Formular fertigzustellen.<\/noscript><div class=\"wpforms-hidden\" id=\"wpforms-error-noscript\">Bitte aktiviere JavaScript in deinem Browser, um dieses Formular fertigzustellen.<\/div><div class=\"wpforms-field-container\"><div id=\"wpforms-1989-field_2-container\" class=\"wpforms-field wpforms-field-text\" data-field-id=\"2\"><label class=\"wpforms-field-label\" for=\"wpforms-1989-field_2\">Feuerwehr <span class=\"wpforms-required-label\" aria-hidden=\"true\">*<\/span><\/label><input type=\"text\" id=\"wpforms-1989-field_2\" class=\"wpforms-field-medium wpforms-field-required\" name=\"wpforms[fields][2]\" aria-errormessage=\"wpforms-1989-field_2-error\" required><\/div><div id=\"wpforms-1989-field_1-container\" class=\"wpforms-field wpforms-field-name\" data-field-id=\"1\"><fieldset><legend class=\"wpforms-field-label\">Name <span class=\"wpforms-required-label\" aria-hidden=\"true\">*<\/span><\/legend><div class=\"wpforms-field-row wpforms-field-medium\"><div class=\"wpforms-field-row-block wpforms-first wpforms-one-half\"><input type=\"text\" id=\"wpforms-1989-field_1\" class=\"wpforms-field-name-first wpforms-field-required\" name=\"wpforms[fields][1][first]\" aria-errormessage=\"wpforms-1989-field_1-error\" required><label for=\"wpforms-1989-field_1\" class=\"wpforms-field-sublabel after\">Vorname<\/label><\/div><div class=\"wpforms-field-row-block wpforms-one-half\"><input type=\"text\" id=\"wpforms-1989-field_1-last\" class=\"wpforms-field-name-last wpforms-field-required\" name=\"wpforms[fields][1][last]\" aria-errormessage=\"wpforms-1989-field_1-last-error\" required><label for=\"wpforms-1989-field_1-last\" class=\"wpforms-field-sublabel after\">Nachname<\/label><\/div><\/div><\/fieldset><\/div><div id=\"wpforms-1989-field_3-container\" class=\"wpforms-field wpforms-field-email\" data-field-id=\"3\"><label class=\"wpforms-field-label\" for=\"wpforms-1989-field_3\">E-Mail-Adresse <span class=\"wpforms-required-label\" aria-hidden=\"true\">*<\/span><\/label><input type=\"email\" id=\"wpforms-1989-field_3\" class=\"wpforms-field-medium wpforms-field-required\" name=\"wpforms[fields][3]\" spellcheck=\"false\" aria-errormessage=\"wpforms-1989-field_3-error\" required><\/div><div id=\"wpforms-1989-field_4-container\" class=\"wpforms-field wpforms-field-textarea\" data-field-id=\"4\"><label class=\"wpforms-field-label\" for=\"wpforms-1989-field_4\">Ihre Anfrage<\/label><textarea id=\"wpforms-1989-field_4\" class=\"wpforms-field-small\" name=\"wpforms[fields][4]\" aria-errormessage=\"wpforms-1989-field_4-error\" >Bitte unterbreiten Sie mir ein Angebot f\u00fcr die Inhouse-Ausbildung &quot;J\u00e4hrliche Unterweisung&quot;. Ber\u00fccksichtigen Sie hierbei die nachfolgenden Parameter.<\/textarea><\/div><div id=\"wpforms-1989-field_6-container\" class=\"wpforms-field wpforms-field-radio\" data-field-id=\"6\"><fieldset><legend class=\"wpforms-field-label\">Unterweisungsbereich<\/legend><ul id=\"wpforms-1989-field_6\"><li class=\"choice-1 depth-1\"><input type=\"radio\" id=\"wpforms-1989-field_6_1\" name=\"wpforms[fields][6]\" value=\"FwK\" aria-errormessage=\"wpforms-1989-field_6_1-error\"  ><label class=\"wpforms-field-label-inline\" for=\"wpforms-1989-field_6_1\">FwK<\/label><\/li><li class=\"choice-2 depth-1\"><input type=\"radio\" id=\"wpforms-1989-field_6_2\" name=\"wpforms[fields][6]\" value=\"WLF-K, RW-K\" aria-errormessage=\"wpforms-1989-field_6_2-error\"  ><label class=\"wpforms-field-label-inline\" for=\"wpforms-1989-field_6_2\">WLF-K, RW-K<\/label><\/li><li class=\"choice-3 depth-1\"><input type=\"radio\" id=\"wpforms-1989-field_6_3\" name=\"wpforms[fields][6]\" value=\"TeLa\" aria-errormessage=\"wpforms-1989-field_6_3-error\"  ><label class=\"wpforms-field-label-inline\" for=\"wpforms-1989-field_6_3\">TeLa<\/label><\/li><li class=\"choice-4 depth-1\"><input type=\"radio\" id=\"wpforms-1989-field_6_4\" name=\"wpforms[fields][6]\" value=\"RW\" aria-errormessage=\"wpforms-1989-field_6_4-error\"  ><label class=\"wpforms-field-label-inline\" for=\"wpforms-1989-field_6_4\">RW<\/label><\/li><\/ul><\/fieldset><\/div><div id=\"wpforms-1989-field_7-container\" class=\"wpforms-field wpforms-field-number\" data-field-id=\"7\"><label class=\"wpforms-field-label\" for=\"wpforms-1989-field_7\">Anzahl der Teilnehmer<\/label><input type=\"number\" id=\"wpforms-1989-field_7\" class=\"wpforms-field-medium\" name=\"wpforms[fields][7]\" aria-errormessage=\"wpforms-1989-field_7-error\" ><\/div><div id=\"wpforms-1989-field_8-container\" class=\"wpforms-field wpforms-field-text\" data-field-id=\"8\"><label class=\"wpforms-field-label\" for=\"wpforms-1989-field_8\">Gew\u00fcnschter Durchf\u00fchrungszeitraum<\/label><input type=\"text\" id=\"wpforms-1989-field_8\" class=\"wpforms-field-medium\" name=\"wpforms[fields][8]\" placeholder=\"Monat\/Jahr\" aria-errormessage=\"wpforms-1989-field_8-error\" ><\/div><\/div><!-- .wpforms-field-container --><div class=\"wpforms-submit-container\" ><input type=\"hidden\" name=\"wpforms[id]\" value=\"1989\"><input type=\"hidden\" name=\"page_title\" value=\"\"><input type=\"hidden\" name=\"page_url\" value=\"https:\/\/feuerwehrkran.de\/index.php\/wp-json\/wp\/v2\/pages\/2181\"><button type=\"submit\" name=\"wpforms[submit]\" id=\"wpforms-submit-1989\" class=\"wpforms-submit\" data-alt-text=\"Wird gesendet\u00a0\u2026\" data-submit-text=\"Absenden\" aria-live=\"assertive\" value=\"wpforms-submit\">Absenden<\/button><img loading=\"lazy\" decoding=\"async\" src=\"https:\/\/feuerwehrkran.de\/wp-content\/plugins\/wpforms-lite\/assets\/images\/submit-spin.svg\" class=\"wpforms-submit-spinner\" style=\"display: none;\" width=\"26\" height=\"26\" alt=\"Wird geladen\"><\/div><\/form><\/div>  <!-- .wpforms-container -->\n<\/div>\n\n\n\n<div class=\"wp-block-column is-layout-flow wp-block-column-is-layout-flow\" style=\"flex-basis:25%\"><\/div>\n<\/div>\n","protected":false},"excerpt":{"rendered":"","protected":false},"author":1,"featured_media":0,"parent":0,"menu_order":0,"comment_status":"closed","ping_status":"closed","template":"template-fullwidth.php","meta":{"footnotes":""},"class_list":["post-2181","page","type-page","status-publish","hentry"],"_links":{"self":[{"href":"https:\/\/feuerwehrkran.de\/index.php\/wp-json\/wp\/v2\/pages\/2181","targetHints":{"allow":["GET"]}}],"collection":[{"href":"https:\/\/feuerwehrkran.de\/index.php\/wp-json\/wp\/v2\/pages"}],"about":[{"href":"https:\/\/feuerwehrkran.de\/index.php\/wp-json\/wp\/v2\/types\/page"}],"author":[{"embeddable":true,"href":"https:\/\/feuerwehrkran.de\/index.php\/wp-json\/wp\/v2\/users\/1"}],"replies":[{"embeddable":true,"href":"https:\/\/feuerwehrkran.de\/index.php\/wp-json\/wp\/v2\/comments?post=2181"}],"version-history":[{"count":3,"href":"https:\/\/feuerwehrkran.de\/index.php\/wp-json\/wp\/v2\/pages\/2181\/revisions"}],"predecessor-version":[{"id":2184,"href":"https:\/\/feuerwehrkran.de\/index.php\/wp-json\/wp\/v2\/pages\/2181\/revisions\/2184"}],"wp:attachment":[{"href":"https:\/\/feuerwehrkran.de\/index.php\/wp-json\/wp\/v2\/media?parent=2181"}],"curies":[{"name":"wp","href":"https:\/\/api.w.org\/{rel}","templated":true}]}}