{"id":1912,"date":"2024-12-05T12:41:24","date_gmt":"2024-12-05T11:41:24","guid":{"rendered":"https:\/\/feuerwehrkran.de\/?page_id=1912"},"modified":"2024-12-29T18:50:04","modified_gmt":"2024-12-29T17:50:04","slug":"jaehrliche-unterweisung","status":"publish","type":"page","link":"https:\/\/feuerwehrkran.de\/index.php\/jaehrliche-unterweisung\/","title":{"rendered":"J\u00e4hrliche Unterweisung"},"content":{"rendered":"\n<figure class=\"wp-block-image size-full\"><img loading=\"lazy\" decoding=\"async\" width=\"1920\" height=\"420\" src=\"https:\/\/feuerwehrkran.de\/wp-content\/uploads\/2024\/12\/unterweisung.jpg\" alt=\"\" class=\"wp-image-2062\"\/><\/figure>\n\n\n\n<p>Die wohl bedeutungsvollste Schulung f\u00fcr Kranmaschinisten ist die j\u00e4hrliche Unterweisung. Gerne wird \u00fcbersehen, wie wichtig es ist, die Bediener dieser Fahrzeuge immer wieder zu sensibilisieren, welchen Gefahren sie selbst ausgesetzt sind und wie sie andere gef\u00e4hrden.<\/p>\n\n\n\n<p>Die j\u00e4hrliche Unterweisung bei den Feuerwehren wird intern jedoch sehr unterschiedlich gehandhabt. H\u00e4ufig halten die Feuerwehren auch keine Gef\u00e4hrdungsbeurteilung vor, welche die Basis einer Sicherheitsunterweisung darstellt. Au\u00dferdem haben viele Verantwortliche nicht gen\u00fcgend Zeit, um eine qualifizierte, j\u00e4hrliche Unterweisung vorzubereiten bei der Kenntnisse und F\u00e4higkeiten der Mitarbeiter \u00fcberpr\u00fcft, erg\u00e4nzt, aufgefrischt oder gefestigt werden.<\/p>\n\n\n\n<p>Unsere j\u00e4hrlichen Unterweisungen sind individualisiert. Der Inhalt wird im Vorfeld mit der jeweiligen Feuerwehr festgelegt, passgenau vorbereitet und von uns rechtssicher umgesetzt.<\/p>\n\n\n\n<div style=\"height:20px\" aria-hidden=\"true\" class=\"wp-block-spacer\"><\/div>\n\n\n\n<div class=\"wp-block-group has-white-color has-vivid-cyan-blue-background-color has-text-color has-background has-link-color wp-elements-baa7b786a874063b2ec98f55d805630e\"><div class=\"wp-block-group__inner-container is-layout-constrained wp-block-group-is-layout-constrained\">\n<h3 class=\"wp-block-heading has-white-color has-text-color has-link-color wp-elements-38c81f5da205dc3d4d1b42be1b4c7fc3\">J\u00e4hrliche Unterweisung<\/h3>\n\n\n\n<p>Durch unseren Lehrgang kommen die Verantwortlichen der Feuerwehren ihrer gesetzlichen Verpflichtung nach, mindestens einmal pro Jahr eine Sicherheitsunterweisung durchzuf\u00fchren. Der Praxisanteil bei diesem Seminar betr\u00e4gt zwischen 20 % und 50 %.<\/p>\n\n\n\n<div style=\"height:20px\" aria-hidden=\"true\" class=\"wp-block-spacer\"><\/div>\n\n\n\n<p class=\"has-medium-font-size\">Inhalt (Auszug):<\/p>\n\n\n\n<ul class=\"wp-block-list\">\n<li>Allgemeine und rechtliche Grundlagen<\/li>\n\n\n\n<li>\u00c4nderungen der Regelwerke<\/li>\n\n\n\n<li>Sichere Einsatzplanung<\/li>\n\n\n\n<li>Der Kranbetrieb<\/li>\n\n\n\n<li>Gefahrenquelle Feuerwehrkran<\/li>\n\n\n\n<li>Anschlagen von Lasten<\/li>\n\n\n\n<li>Gef\u00e4hrdungsbeurteilung<\/li>\n\n\n\n<li>Personenrettung<\/li>\n\n\n\n<li>Praxiselemente<\/li>\n<\/ul>\n\n\n\n<div style=\"height:20px\" aria-hidden=\"true\" class=\"wp-block-spacer\"><\/div>\n\n\n\n<p class=\"has-medium-font-size\">Rechtlicher Hintergrund:<\/p>\n\n\n\n<ul class=\"wp-block-list\">\n<li>DGUV Vorschrift 1, \u00a7 4<\/li>\n\n\n\n<li>Arbeitsschutzgesetz, \u00a7 12<\/li>\n\n\n\n<li>BetrSichV, \u00a7 12<\/li>\n<\/ul>\n\n\n\n<div style=\"height:20px\" aria-hidden=\"true\" class=\"wp-block-spacer\"><\/div>\n\n\n\n<p class=\"has-medium-font-size\">Dauer:<\/p>\n\n\n\n<p>1 Tag<\/p>\n\n\n\n<div style=\"height:20px\" aria-hidden=\"true\" class=\"wp-block-spacer\"><\/div>\n\n\n\n<p class=\"has-medium-font-size\">Zielgruppe:<\/p>\n\n\n\n<p>Als relevanter Teilnehmerkreis f\u00fcr das Seminar gelten alle Kranmaschinisten und Fahrzeugf\u00fchrer.<\/p>\n\n\n\n<div style=\"height:20px\" aria-hidden=\"true\" class=\"wp-block-spacer\"><\/div>\n\n\n\n<p class=\"has-medium-font-size\">Teilnehmerzahl:<\/p>\n\n\n\n<p>bis 8 Personen<\/p>\n\n\n\n<div style=\"height:20px\" aria-hidden=\"true\" class=\"wp-block-spacer\"><\/div>\n\n\n\n<p class=\"has-medium-font-size\">Ausbildungsform:<\/p>\n\n\n\n<p>Theoretische und praktische Aus- und Fortbildung.<\/p>\n\n\n\n<div style=\"height:20px\" aria-hidden=\"true\" class=\"wp-block-spacer\"><\/div>\n\n\n\n<p class=\"has-medium-font-size\">Pr\u00fcfung:<\/p>\n\n\n\n<p>Abgeschlossen wird der Lehrgang mit einer theoretischen Pr\u00fcfung.<\/p>\n\n\n\n<div style=\"height:20px\" aria-hidden=\"true\" class=\"wp-block-spacer\"><\/div>\n\n\n\n<p class=\"has-medium-font-size\">Abschluss:<\/p>\n\n\n\n<p>Nach erfolgreich abgeschlossener Pr\u00fcfung erhalten die Teilnehmer ein Zertifikat.<\/p>\n\n\n\n<div style=\"height:20px\" aria-hidden=\"true\" class=\"wp-block-spacer\"><\/div>\n\n\n\n<div class=\"wp-block-buttons is-content-justification-center is-layout-flex wp-container-core-buttons-is-layout-16018d1d wp-block-buttons-is-layout-flex\">\n<div class=\"wp-block-button has-custom-width wp-block-button__width-50 is-style-outline is-style-outline--1\"><a class=\"wp-block-button__link wp-element-button\" href=\"https:\/\/feuerwehrkran.de\/index.php\/jaehrliche-unterweisung-uvv\/\" style=\"border-radius:0px\" target=\"_blank\" rel=\"noreferrer noopener\">Angebot anfordern<\/a><\/div>\n<\/div>\n<\/div><\/div>\n\n\n\n<pre class=\"wp-block-preformatted\">Bitte Beachten: Den Lehrgang \"J\u00e4hrliche Unterweisung\" bieten wir ausschlie\u00dflich in der Inhouse-Variante an. D. h., zu ihrem Wunschtermin findet die gew\u00e4hlte Ausbildung bei Ihnen vor Ort statt. Gerne erstellen wir Ihnen ein unverbindliches Angebot, welches passgenau auf die Bed\u00fcrfnisse ihrer Feuerwehr zugeschnitten ist.<\/pre>\n\n\n\n<p><\/p>\n","protected":false},"excerpt":{"rendered":"<p>Die wohl bedeutungsvollste Schulung im Bereich Arbeits- und Gesundheitsschutz wird von uns nachhaltig umgesetzt. <\/p>\n","protected":false},"author":1,"featured_media":0,"parent":0,"menu_order":0,"comment_status":"closed","ping_status":"closed","template":"template-fullwidth.php","meta":{"footnotes":""},"class_list":["post-1912","page","type-page","status-publish","hentry"],"_links":{"self":[{"href":"https:\/\/feuerwehrkran.de\/index.php\/wp-json\/wp\/v2\/pages\/1912","targetHints":{"allow":["GET"]}}],"collection":[{"href":"https:\/\/feuerwehrkran.de\/index.php\/wp-json\/wp\/v2\/pages"}],"about":[{"href":"https:\/\/feuerwehrkran.de\/index.php\/wp-json\/wp\/v2\/types\/page"}],"author":[{"embeddable":true,"href":"https:\/\/feuerwehrkran.de\/index.php\/wp-json\/wp\/v2\/users\/1"}],"replies":[{"embeddable":true,"href":"https:\/\/feuerwehrkran.de\/index.php\/wp-json\/wp\/v2\/comments?post=1912"}],"version-history":[{"count":21,"href":"https:\/\/feuerwehrkran.de\/index.php\/wp-json\/wp\/v2\/pages\/1912\/revisions"}],"predecessor-version":[{"id":2186,"href":"https:\/\/feuerwehrkran.de\/index.php\/wp-json\/wp\/v2\/pages\/1912\/revisions\/2186"}],"wp:attachment":[{"href":"https:\/\/feuerwehrkran.de\/index.php\/wp-json\/wp\/v2\/media?parent=1912"}],"curies":[{"name":"wp","href":"https:\/\/api.w.org\/{rel}","templated":true}]}}