{"id":1496,"date":"2023-11-20T10:08:43","date_gmt":"2023-11-20T09:08:43","guid":{"rendered":"https:\/\/feuerwehrkran.de\/?page_id=1496"},"modified":"2024-12-23T16:41:49","modified_gmt":"2024-12-23T15:41:49","slug":"agb","status":"publish","type":"page","link":"https:\/\/feuerwehrkran.de\/index.php\/agb\/","title":{"rendered":"AGB"},"content":{"rendered":"\n<p>Bevor Sie eine Schulung oder ein Training bei uns buchen, sollten Sie sich zwei Minuten Zeit f\u00fcr diese Info nehmen.<\/p>\n\n\n\n<p><strong>Allgemeine Gesch\u00e4ftsbedingungen<\/strong><\/p>\n\n\n\n<p><strong><br>Anmeldung<\/strong><\/p>\n\n\n\n<div class=\"wp-block-group\"><div class=\"wp-block-group__inner-container is-layout-constrained wp-block-group-is-layout-constrained\">\n<p>Wenn Sie ein von uns erhaltenes Angebot annehmen, gen\u00fcgt eine Zustimmung Ihrerseits schriftlich oder per E-Mail. Damit ist Ihre Seminarbestellung verbindlich und wird von uns unverz\u00fcglich best\u00e4tigt. Bei offenen Veranstaltungen gelten die Hinweise zur Anmeldung in den jeweiligen Ausschreibungen.<\/p>\n<\/div><\/div>\n\n\n\n<p><strong><br>Inhalt des vereinbarten Seminars<\/strong><\/p>\n\n\n\n<p>Der Inhalt und die Durchf\u00fchrung des Seminars richten sich nach dem jeweiligen, im Angebot aufgef\u00fchrten Programm, das insoweit Bestandteil dieses Vertrages ist. Feuerwehrkran ist berechtigt, einzelne Schulungsinhalte aus fachlichen Gr\u00fcnden ohne Zustimmung des Auftraggebers abzu\u00e4ndern, soweit dadurch nicht der Kern des vereinbarten Seminars ber\u00fchrt wird.<\/p>\n\n\n\n<p><br><strong>Seminarkosten<\/strong><\/p>\n\n\n\n<p>Wir unterscheiden bez\u00fcglich unserer Preisgestaltung zwischen Inhouse-Seminaren und Schulungen, die wir selbst veranstalten. F\u00fcr Inhouse-Seminare gilt: Unabh\u00e4ngig von der Anzahl der Teilnehmer stellen wir Ihnen lediglich den Preis f\u00fcr den jeweiligen Referenten in Rechnung. D. h., ob Sie zwei, drei, oder bis zu acht ihrer Mitarbeiter an der Schulungsma\u00dfnahme teilhaben lassen, sind die Gesamtkosten f\u00fcr das Seminar stets dieselben. F\u00fcr Veranstaltungen unsererseits gilt: In Abh\u00e4ngigkeit der unterschiedlichen Seminare, die wir regelm\u00e4\u00dfig und bundesweit organisieren und durchf\u00fchren, finden Sie die jeweiligen Preise in den aktuellen Veranstaltungsbeschreibungen.<\/p>\n\n\n\n<p><strong><br>Zahlung<\/strong><\/p>\n\n\n\n<p>Mit dem Erhalt der Anmeldebest\u00e4tigung haben Sie die Zahlungs- und Teilnahmeverpflichtung zugesichert. Nach Beendigung des Seminars wird Ihnen eine Rechnung zugesandt, die Seminarkosten sind dann sp\u00e4testens 8 Tage nach deren Erhalt zur Zahlung f\u00e4llig. Zertifikate, Fahrerkarten und sonstige Dokumente werden erst nach Zahlungseingang an den jeweiligen Besteller versendet.<\/p>\n\n\n\n<p><strong><br>Stornierung einer Schulung<\/strong><\/p>\n\n\n\n<p>Eine K\u00fcndigung der vereinbarten Schulung Ihrerseits ist nicht ohne triftigen Grund m\u00f6glich. Wird ein angemeldetes oder gebuchtes Seminar bis k\u00fcrzestens 10 Tage vor Schulungsbeginn von Ihnen storniert, so erstatten wir umgehend, unter Ausschluss von weiteren Anspr\u00fcchen, die bezahlten Seminargeb\u00fchren. Bei weniger als 10 Tagen berechnen wir 50% der Schulungskosten. Ma\u00dfgebend ist der Zeitpunkt des schriftlichen Eingangs Ihrer Stornierung bei uns.<\/p>\n\n\n\n<p><strong><br>Absage unsererseits<\/strong><\/p>\n\n\n\n<p>M\u00fcssen wir eine Veranstaltung absagen, bieten wir Ihnen selbstverst\u00e4ndlich einen Ersatztermin an. K\u00f6nnen wir einen Ersatztermin nicht binnen 6 Kalenderwochen realisieren erstatten wir ebenfalls umgehend, unter Ausschluss von weiteren Anspr\u00fcchen, die von Ihnen entrichteten Seminargeb\u00fchren. Gr\u00fcnde f\u00fcr eine Absage unsererseits k\u00f6nnen z.B. der Ausfall eines oder mehrerer Dozenten sein.<\/p>\n\n\n\n<p><strong><br>Kopierschutz<\/strong><\/p>\n\n\n\n<p>Bitte geben Sie unsere sorgf\u00e4ltig und mit viel Aufwand erstellten Schulungsunterlagen, Konzepte, Teilkonzepte, Lehrmittel und Pr\u00e4sentationen nicht an Dritte weiter. Eine Vervielf\u00e4ltigung oder eine Ver\u00f6ffentlichung der im Zuge eines Seminars an Sie weiter gegebenen Unterlagen ist somit nicht gestattet.<\/p>\n","protected":false},"excerpt":{"rendered":"<p>Bevor Sie eine Schulung oder ein Training bei uns buchen, sollten Sie sich zwei Minuten Zeit f\u00fcr diese Info nehmen. Allgemeine Gesch\u00e4ftsbedingungen Anmeldung Wenn Sie ein von uns erhaltenes Angebot &#8230;<\/p>\n","protected":false},"author":1,"featured_media":0,"parent":0,"menu_order":0,"comment_status":"closed","ping_status":"closed","template":"template-fullwidth.php","meta":{"footnotes":""},"class_list":["post-1496","page","type-page","status-publish","hentry"],"_links":{"self":[{"href":"https:\/\/feuerwehrkran.de\/index.php\/wp-json\/wp\/v2\/pages\/1496","targetHints":{"allow":["GET"]}}],"collection":[{"href":"https:\/\/feuerwehrkran.de\/index.php\/wp-json\/wp\/v2\/pages"}],"about":[{"href":"https:\/\/feuerwehrkran.de\/index.php\/wp-json\/wp\/v2\/types\/page"}],"author":[{"embeddable":true,"href":"https:\/\/feuerwehrkran.de\/index.php\/wp-json\/wp\/v2\/users\/1"}],"replies":[{"embeddable":true,"href":"https:\/\/feuerwehrkran.de\/index.php\/wp-json\/wp\/v2\/comments?post=1496"}],"version-history":[{"count":4,"href":"https:\/\/feuerwehrkran.de\/index.php\/wp-json\/wp\/v2\/pages\/1496\/revisions"}],"predecessor-version":[{"id":1503,"href":"https:\/\/feuerwehrkran.de\/index.php\/wp-json\/wp\/v2\/pages\/1496\/revisions\/1503"}],"wp:attachment":[{"href":"https:\/\/feuerwehrkran.de\/index.php\/wp-json\/wp\/v2\/media?parent=1496"}],"curies":[{"name":"wp","href":"https:\/\/api.w.org\/{rel}","templated":true}]}}